{"id":18,"date":"2013-08-19T19:05:59","date_gmt":"2013-08-19T19:05:59","guid":{"rendered":"http:\/\/www.miterka.pl\/?page_id=18"},"modified":"2016-05-05T21:46:33","modified_gmt":"2016-05-05T21:46:33","slug":"strona-glowna","status":"publish","type":"page","link":"http:\/\/miterka.pl\/","title":{"rendered":"Szanowni Pa\u0144stwo!"},"content":{"rendered":"<p style=\"text-align: justify;\"><span style=\"line-height: 1.714285714; font-size: 1rem;\">Witam serdecznie na stronie internetowej Kancelarii. Ma ona charakter wy\u0142\u0105cznie informacyjny. Chcia\u0142bym, aby przybli\u017cy\u0142a wszystkim zainteresowanym profil mojej dzia\u0142alno\u015bci i specjalizacje, w obr\u0119bie kt\u00f3rych chcia\u0142bym s\u0142u\u017cy\u0107 Pa\u0144stwu swoj\u0105 wiedz\u0105 i do\u015bwiadczeniem.<\/span><\/p>\n<p style=\"text-align: justify;\">Kancelaria dzia\u0142a w G\u0142ogowie od 2006 roku, kieruj\u0105c swoj\u0105 ofert\u0119 do przedsi\u0119biorc\u00f3w, organ\u00f3w administracji publicznej, a tak\u017ce os\u00f3b fizycznych, nieprowadz\u0105cych dzia\u0142alno\u015bci gospodarczej, wsp\u00f3lnot mieszkaniowych oraz organizacji pozarz\u0105dowych. Zapraszam do zapoznania si\u0119 ze szczeg\u00f3\u0142owym zakresem us\u0142ug prawnych.<br \/>\nZapewniam, \u017ce ka\u017cda sprawa traktowana jest przeze mnie z nale\u017cn\u0105 uwag\u0105<br \/>\ni zaanga\u017cowaniem.<br \/>\nJestem przekonany, \u017ce podj\u0119cie wsp\u00f3\u0142pracy zaowocuje odnalezieniem optymalnych dla Pa\u0144stwa rozwi\u0105za\u0144 zaistnia\u0142ych problem\u00f3w prawnych.<\/p>\n<p>\u00a0 \u00a0 \u00a0 \u00a0 \u00a0 \u00a0 \u00a0 \u00a0 \u00a0Z powa\u017caniem<br \/>\n&nbsp; &nbsp; &nbsp; &nbsp; &nbsp; &nbsp; &nbsp; &nbsp; Radca Prawny<br \/>\n<img loading=\"lazy\" decoding=\"async\" class=\"alignnone wp-image-42\" title=\"Sygnatura - \u0141ukasz Miterka\" src=\"http:\/\/miterka.pl\/wp-content\/uploads\/2015\/10\/podpis.png\" alt=\"podpis\" width=\"189\" height=\"34\" \/><\/p>\n","protected":false},"excerpt":{"rendered":"<p>Witam serdecznie na stronie internetowej Kancelarii. Ma ona charakter wy\u0142\u0105cznie informacyjny. Chcia\u0142bym, aby przybli\u017cy\u0142a wszystkim zainteresowanym profil mojej dzia\u0142alno\u015bci i specjalizacje, w obr\u0119bie kt\u00f3rych chcia\u0142bym s\u0142u\u017cy\u0107 Pa\u0144stwu swoj\u0105 wiedz\u0105 i do\u015bwiadczeniem. Kancelaria dzia\u0142a w G\u0142ogowie od 2006 roku, kieruj\u0105c swoj\u0105 &hellip; <a href=\"http:\/\/miterka.pl\/\">Czytaj dalej <span class=\"meta-nav\">&rarr;<\/span><\/a><\/p>\n","protected":false},"author":1,"featured_media":0,"parent":0,"menu_order":1,"comment_status":"closed","ping_status":"open","template":"","meta":{"footnotes":""},"class_list":["post-18","page","type-page","status-publish","hentry"],"_links":{"self":[{"href":"http:\/\/miterka.pl\/index.php?rest_route=\/wp\/v2\/pages\/18","targetHints":{"allow":["GET"]}}],"collection":[{"href":"http:\/\/miterka.pl\/index.php?rest_route=\/wp\/v2\/pages"}],"about":[{"href":"http:\/\/miterka.pl\/index.php?rest_route=\/wp\/v2\/types\/page"}],"author":[{"embeddable":true,"href":"http:\/\/miterka.pl\/index.php?rest_route=\/wp\/v2\/users\/1"}],"replies":[{"embeddable":true,"href":"http:\/\/miterka.pl\/index.php?rest_route=%2Fwp%2Fv2%2Fcomments&post=18"}],"version-history":[{"count":8,"href":"http:\/\/miterka.pl\/index.php?rest_route=\/wp\/v2\/pages\/18\/revisions"}],"predecessor-version":[{"id":68,"href":"http:\/\/miterka.pl\/index.php?rest_route=\/wp\/v2\/pages\/18\/revisions\/68"}],"wp:attachment":[{"href":"http:\/\/miterka.pl\/index.php?rest_route=%2Fwp%2Fv2%2Fmedia&parent=18"}],"curies":[{"name":"wp","href":"https:\/\/api.w.org\/{rel}","templated":true}]}}