{"id":40,"date":"2013-08-19T19:17:44","date_gmt":"2013-08-19T19:17:44","guid":{"rendered":"http:\/\/www.miterka.pl\/?page_id=40"},"modified":"2013-08-19T19:17:44","modified_gmt":"2013-08-19T19:17:44","slug":"prawo-wykroczen","status":"publish","type":"page","link":"http:\/\/miterka.pl\/?page_id=40","title":{"rendered":"Prawo Wykrocze\u0144"},"content":{"rendered":"<p>W sprawach z zakresu prawa wykrocze\u0144 Kancelaria zapewnia:<\/p>\n<ul>\n<li>obron\u0119 obwinionego (osoby przeciwko kt\u00f3rej wniesiono wniosek o ukaranie)<\/li>\n<li>reprezentowanie pokrzywdzonego, w tym oskar\u017cyciela posi\u0142kowego<\/li>\n<\/ul>\n<p>\u015awiadczenie pomocy prawnej w sprawach z zakresu prawa wykrocze\u0144 dotyczy w szczeg\u00f3lno\u015bci:<\/p>\n<ul>\n<li>spowodowania zagro\u017cenia w ruchu &#8211; kolizji drogowej (art. 86 k.w.)<\/li>\n<li>prowadzenia pojazdu po u\u017cyciu alkoholu lub innego podobnie dzia\u0142aj\u0105cego \u015brodka (art. 87 k.w.)<\/li>\n<li>drobnych kradzie\u017cy tj. o warto\u015bci mienia do 250 z\u0142 (art. 119 k.w.)<\/li>\n<li>zwi\u0105zanych z naruszeniem praw pracowniczych w postaci np. nieterminowych wyp\u0142at wynagrodzenia, braku wydania \u015bwiadectwa pracy<\/li>\n<\/ul>\n","protected":false},"excerpt":{"rendered":"<p>W sprawach z zakresu prawa wykrocze\u0144 Kancelaria zapewnia: obron\u0119 obwinionego (osoby przeciwko kt\u00f3rej wniesiono wniosek o ukaranie) reprezentowanie pokrzywdzonego, w tym oskar\u017cyciela posi\u0142kowego \u015awiadczenie pomocy prawnej w sprawach z zakresu prawa wykrocze\u0144 dotyczy w szczeg\u00f3lno\u015bci: spowodowania zagro\u017cenia w ruchu &#8211; &hellip; <a href=\"http:\/\/miterka.pl\/?page_id=40\">Czytaj dalej <span class=\"meta-nav\">&rarr;<\/span><\/a><\/p>\n","protected":false},"author":1,"featured_media":0,"parent":10,"menu_order":0,"comment_status":"closed","ping_status":"open","template":"","meta":{"footnotes":""},"class_list":["post-40","page","type-page","status-publish","hentry"],"_links":{"self":[{"href":"http:\/\/miterka.pl\/index.php?rest_route=\/wp\/v2\/pages\/40","targetHints":{"allow":["GET"]}}],"collection":[{"href":"http:\/\/miterka.pl\/index.php?rest_route=\/wp\/v2\/pages"}],"about":[{"href":"http:\/\/miterka.pl\/index.php?rest_route=\/wp\/v2\/types\/page"}],"author":[{"embeddable":true,"href":"http:\/\/miterka.pl\/index.php?rest_route=\/wp\/v2\/users\/1"}],"replies":[{"embeddable":true,"href":"http:\/\/miterka.pl\/index.php?rest_route=%2Fwp%2Fv2%2Fcomments&post=40"}],"version-history":[{"count":0,"href":"http:\/\/miterka.pl\/index.php?rest_route=\/wp\/v2\/pages\/40\/revisions"}],"up":[{"embeddable":true,"href":"http:\/\/miterka.pl\/index.php?rest_route=\/wp\/v2\/pages\/10"}],"wp:attachment":[{"href":"http:\/\/miterka.pl\/index.php?rest_route=%2Fwp%2Fv2%2Fmedia&parent=40"}],"curies":[{"name":"wp","href":"https:\/\/api.w.org\/{rel}","templated":true}]}}